{"id":610,"date":"2023-11-08T06:49:20","date_gmt":"2023-11-08T04:49:20","guid":{"rendered":"https:\/\/eddiekarlsson.axxelldatanom.site\/eddiekarlsson\/TrailFun\/minusta\/"},"modified":"2025-03-14T19:48:26","modified_gmt":"2025-03-14T17:48:26","slug":"minusta","status":"publish","type":"page","link":"https:\/\/trailfun.fi\/fi\/minusta\/","title":{"rendered":"Minun ideani"},"content":{"rendered":"\n<h1 class=\"wp-block-heading has-text-align-center has-black-color has-text-color has-large-font-size\" style=\"padding-top:40px;padding-right:20px;padding-bottom:40px;padding-left:20px\">Minun ideani<\/h1>\n\n<div class=\"wp-block-uagb-container uagb-block-3c7b9e07 alignfull uagb-is-root-container\"><div class=\"uagb-container-inner-blocks-wrap\">\n<div class=\"wp-block-media-text has-media-on-the-right is-stacked-on-mobile is-vertically-aligned-top\" style=\"margin-right:0;margin-left:0;padding-top:0;padding-right:0;padding-bottom:0;padding-left:0;grid-template-columns:auto 26%\"><div class=\"wp-block-media-text__content\">\n<p>Moi!<\/p>\n\n\n\n<p>Nimeni on Regina ja olen vastavalmistunut er\u00e4opas. Vaikka titteli on uusi, olen aina ollut tekemisiss\u00e4 luonnon kanssa ja viett\u00e4nyt siell\u00e4 aikaa siit\u00e4 l\u00e4htien, kun liityin partioon lapsena. Oikeastaan minun olisi pit\u00e4nyt l\u00e4hte\u00e4 t\u00e4lle tielle heti, mutta tein rakennust\u00f6it\u00e4 ja opetin useita vuosia, ja nyt olen vihdoin korvannut ne luonnossa el\u00e4misell\u00e4.  <\/p>\n\n\n\n<p>Olen my\u00f6s opiskellut paljon muita er\u00e4el\u00e4m\u00e4\u00e4 t\u00e4ydent\u00e4vi\u00e4 asioita, kuten suunnistusta, sy\u00f6t\u00e4vi\u00e4 kasveja, sieni\u00e4, nuotiolla kokkaamista ja polkujuoksua. Haluaisin nyt tarjota teille erilaisia mahdollisuuksia p\u00e4\u00e4st\u00e4 luontoon lyhyemmiksi tai pidemmiksi kokemuksiksi. <\/p>\n\n\n\n<p>Haluan tarjota n\u00e4it\u00e4 kokemuksia Etel\u00e4-Suomen metsiss\u00e4. Toki voin tehd\u00e4 retken Norjan Reisan kansallispuistoon, Ruotsin Sarekiin tai Suomen Lemmenjoelle, mutta mielest\u00e4ni unohdamme liian usein, ett\u00e4 meill\u00e4 on my\u00f6s t\u00e4\u00e4ll\u00e4 etel\u00e4ss\u00e4 todella kauniita metsi\u00e4. T\u00e4\u00e4ll\u00e4 luonto voi olla v\u00e4hint\u00e4\u00e4n yht\u00e4 rauhoittava ja usein t\u00e4\u00e4ll\u00e4 tapaa jopa v\u00e4hemm\u00e4n ihmisi\u00e4 kuin Lapissa, jossa kaikki haluavat patikoida.   <\/p>\n\n\n\n<p>Tule siis mukaan seikkailuun, ehk\u00e4p\u00e4 erilaiseen vaellukseen!<\/p>\n\n\n\n<p>Regina<\/p>\n<\/div><figure class=\"wp-block-media-text__media\"><img loading=\"lazy\" decoding=\"async\" width=\"684\" height=\"1024\" src=\"https:\/\/trailfun.fi\/wp-content\/uploads\/2024\/01\/den-684x1024.jpg\" alt=\"\" class=\"wp-image-1460 size-full\" srcset=\"https:\/\/trailfun.fi\/wp-content\/uploads\/2024\/01\/den-684x1024.jpg 684w, https:\/\/trailfun.fi\/wp-content\/uploads\/2024\/01\/den-200x300.jpg 200w, https:\/\/trailfun.fi\/wp-content\/uploads\/2024\/01\/den-768x1151.jpg 768w, https:\/\/trailfun.fi\/wp-content\/uploads\/2024\/01\/den-1025x1536.jpg 1025w, https:\/\/trailfun.fi\/wp-content\/uploads\/2024\/01\/den-1367x2048.jpg 1367w, https:\/\/trailfun.fi\/wp-content\/uploads\/2024\/01\/den-scaled.jpg 1709w\" sizes=\"auto, (max-width: 684px) 100vw, 684px\" \/><\/figure><\/div>\n<\/div><\/div>\n","protected":false},"excerpt":{"rendered":"<p>Minun ideani Moi! Nimeni on Regina ja olen vastavalmistunut er\u00e4opas. Vaikka titteli on uusi, olen aina ollut tekemisiss\u00e4 luonnon kanssa ja viett\u00e4nyt siell\u00e4 aikaa siit\u00e4 l\u00e4htien, kun liityin partioon lapsena. [&hellip;]<\/p>\n","protected":false},"author":7,"featured_media":0,"parent":0,"menu_order":0,"comment_status":"closed","ping_status":"closed","template":"","meta":{"_uag_custom_page_level_css":"","site-sidebar-layout":"default","site-content-layout":"","ast-site-content-layout":"default","site-content-style":"default","site-sidebar-style":"default","ast-global-header-display":"","ast-banner-title-visibility":"","ast-main-header-display":"","ast-hfb-above-header-display":"","ast-hfb-below-header-display":"","ast-hfb-mobile-header-display":"","site-post-title":"disabled","ast-breadcrumbs-content":"","ast-featured-img":"","footer-sml-layout":"","ast-disable-related-posts":"","theme-transparent-header-meta":"","adv-header-id-meta":"","stick-header-meta":"","header-above-stick-meta":"","header-main-stick-meta":"","header-below-stick-meta":"","astra-migrate-meta-layouts":"default","ast-page-background-enabled":"default","ast-page-background-meta":{"desktop":{"background-color":"var(--ast-global-color-4)","background-image":"","background-repeat":"repeat","background-position":"center center","background-size":"auto","background-attachment":"scroll","background-type":"","background-media":"","overlay-type":"","overlay-color":"","overlay-opacity":"","overlay-gradient":""},"tablet":{"background-color":"","background-image":"","background-repeat":"repeat","background-position":"center center","background-size":"auto","background-attachment":"scroll","background-type":"","background-media":"","overlay-type":"","overlay-color":"","overlay-opacity":"","overlay-gradient":""},"mobile":{"background-color":"","background-image":"","background-repeat":"repeat","background-position":"center center","background-size":"auto","background-attachment":"scroll","background-type":"","background-media":"","overlay-type":"","overlay-color":"","overlay-opacity":"","overlay-gradient":""}},"ast-content-background-meta":{"desktop":{"background-color":"var(--ast-global-color-5)","background-image":"","background-repeat":"repeat","background-position":"center center","background-size":"auto","background-attachment":"scroll","background-type":"","background-media":"","overlay-type":"","overlay-color":"","overlay-opacity":"","overlay-gradient":""},"tablet":{"background-color":"var(--ast-global-color-5)","background-image":"","background-repeat":"repeat","background-position":"center center","background-size":"auto","background-attachment":"scroll","background-type":"","background-media":"","overlay-type":"","overlay-color":"","overlay-opacity":"","overlay-gradient":""},"mobile":{"background-color":"var(--ast-global-color-5)","background-image":"","background-repeat":"repeat","background-position":"center center","background-size":"auto","background-attachment":"scroll","background-type":"","background-media":"","overlay-type":"","overlay-color":"","overlay-opacity":"","overlay-gradient":""}},"footnotes":""},"class_list":["post-610","page","type-page","status-publish","hentry"],"yoast_head":"<!-- This site is optimized with the Yoast SEO plugin v26.6 - https:\/\/yoast.com\/wordpress\/plugins\/seo\/ -->\n<title>Minun ideani - TrailFun<\/title>\n<meta name=\"description\" content=\"Tutustu minuun pintaa syvemm\u00e4lt\u00e4. Tutustu intohimoihini ja kiinnostuksen kohteisiini &#039;Tietoja minusta&#039; -osiossa. Tervetuloa syvemp\u00e4\u00e4n ymm\u00e4rrykseen siit\u00e4, kuka min\u00e4 olen.\" \/>\n<meta name=\"robots\" content=\"index, follow, max-snippet:-1, max-image-preview:large, max-video-preview:-1\" \/>\n<link rel=\"canonical\" href=\"https:\/\/trailfun.fi\/fi\/minusta\/\" \/>\n<meta property=\"og:locale\" content=\"fi_FI\" \/>\n<meta property=\"og:type\" content=\"article\" \/>\n<meta property=\"og:title\" content=\"Minun ideani - TrailFun\" \/>\n<meta property=\"og:description\" content=\"Tutustu minuun pintaa syvemm\u00e4lt\u00e4. Tutustu intohimoihini ja kiinnostuksen kohteisiini &#039;Tietoja minusta&#039; -osiossa. Tervetuloa syvemp\u00e4\u00e4n ymm\u00e4rrykseen siit\u00e4, kuka min\u00e4 olen.\" \/>\n<meta property=\"og:url\" content=\"https:\/\/trailfun.fi\/fi\/minusta\/\" \/>\n<meta property=\"og:site_name\" content=\"TrailFun\" \/>\n<meta property=\"article:modified_time\" content=\"2025-03-14T17:48:26+00:00\" \/>\n<meta property=\"og:image\" content=\"https:\/\/trailfun.fi\/wp-content\/uploads\/2024\/01\/den-scaled.jpg\" \/>\n\t<meta property=\"og:image:width\" content=\"1709\" \/>\n\t<meta property=\"og:image:height\" content=\"2560\" \/>\n\t<meta property=\"og:image:type\" content=\"image\/jpeg\" \/>\n<meta name=\"twitter:card\" content=\"summary_large_image\" \/>\n<meta name=\"twitter:label1\" content=\"Arvioitu lukuaika\" \/>\n\t<meta name=\"twitter:data1\" content=\"1 minuutti\" \/>\n<script type=\"application\/ld+json\" class=\"yoast-schema-graph\">{\"@context\":\"https:\/\/schema.org\",\"@graph\":[{\"@type\":\"WebPage\",\"@id\":\"https:\/\/trailfun.fi\/fi\/minusta\/\",\"url\":\"https:\/\/trailfun.fi\/fi\/minusta\/\",\"name\":\"Minun ideani - TrailFun\",\"isPartOf\":{\"@id\":\"https:\/\/trailfun.fi\/fi\/#website\"},\"primaryImageOfPage\":{\"@id\":\"https:\/\/trailfun.fi\/fi\/minusta\/#primaryimage\"},\"image\":{\"@id\":\"https:\/\/trailfun.fi\/fi\/minusta\/#primaryimage\"},\"thumbnailUrl\":\"https:\/\/trailfun.fi\/wp-content\/uploads\/2024\/01\/den-684x1024.jpg\",\"datePublished\":\"2023-11-08T04:49:20+00:00\",\"dateModified\":\"2025-03-14T17:48:26+00:00\",\"description\":\"Tutustu minuun pintaa syvemm\u00e4lt\u00e4. Tutustu intohimoihini ja kiinnostuksen kohteisiini 'Tietoja minusta' -osiossa. Tervetuloa syvemp\u00e4\u00e4n ymm\u00e4rrykseen siit\u00e4, kuka min\u00e4 olen.\",\"breadcrumb\":{\"@id\":\"https:\/\/trailfun.fi\/fi\/minusta\/#breadcrumb\"},\"inLanguage\":\"fi\",\"potentialAction\":[{\"@type\":\"ReadAction\",\"target\":[\"https:\/\/trailfun.fi\/fi\/minusta\/\"]}]},{\"@type\":\"ImageObject\",\"inLanguage\":\"fi\",\"@id\":\"https:\/\/trailfun.fi\/fi\/minusta\/#primaryimage\",\"url\":\"https:\/\/trailfun.fi\/wp-content\/uploads\/2024\/01\/den-684x1024.jpg\",\"contentUrl\":\"https:\/\/trailfun.fi\/wp-content\/uploads\/2024\/01\/den-684x1024.jpg\"},{\"@type\":\"BreadcrumbList\",\"@id\":\"https:\/\/trailfun.fi\/fi\/minusta\/#breadcrumb\",\"itemListElement\":[{\"@type\":\"ListItem\",\"position\":1,\"name\":\"Home\",\"item\":\"https:\/\/trailfun.fi\/fi\/\"},{\"@type\":\"ListItem\",\"position\":2,\"name\":\"Minun ideani\"}]},{\"@type\":\"WebSite\",\"@id\":\"https:\/\/trailfun.fi\/fi\/#website\",\"url\":\"https:\/\/trailfun.fi\/fi\/\",\"name\":\"TRAILFUN\",\"description\":\"\",\"potentialAction\":[{\"@type\":\"SearchAction\",\"target\":{\"@type\":\"EntryPoint\",\"urlTemplate\":\"https:\/\/trailfun.fi\/fi\/?s={search_term_string}\"},\"query-input\":{\"@type\":\"PropertyValueSpecification\",\"valueRequired\":true,\"valueName\":\"search_term_string\"}}],\"inLanguage\":\"fi\"}]}<\/script>\n<!-- \/ Yoast SEO plugin. -->","yoast_head_json":{"title":"Minun ideani - TrailFun","description":"Tutustu minuun pintaa syvemm\u00e4lt\u00e4. Tutustu intohimoihini ja kiinnostuksen kohteisiini 'Tietoja minusta' -osiossa. Tervetuloa syvemp\u00e4\u00e4n ymm\u00e4rrykseen siit\u00e4, kuka min\u00e4 olen.","robots":{"index":"index","follow":"follow","max-snippet":"max-snippet:-1","max-image-preview":"max-image-preview:large","max-video-preview":"max-video-preview:-1"},"canonical":"https:\/\/trailfun.fi\/fi\/minusta\/","og_locale":"fi_FI","og_type":"article","og_title":"Minun ideani - TrailFun","og_description":"Tutustu minuun pintaa syvemm\u00e4lt\u00e4. Tutustu intohimoihini ja kiinnostuksen kohteisiini 'Tietoja minusta' -osiossa. Tervetuloa syvemp\u00e4\u00e4n ymm\u00e4rrykseen siit\u00e4, kuka min\u00e4 olen.","og_url":"https:\/\/trailfun.fi\/fi\/minusta\/","og_site_name":"TrailFun","article_modified_time":"2025-03-14T17:48:26+00:00","og_image":[{"width":1709,"height":2560,"url":"https:\/\/trailfun.fi\/wp-content\/uploads\/2024\/01\/den-scaled.jpg","type":"image\/jpeg"}],"twitter_card":"summary_large_image","twitter_misc":{"Arvioitu lukuaika":"1 minuutti"},"schema":{"@context":"https:\/\/schema.org","@graph":[{"@type":"WebPage","@id":"https:\/\/trailfun.fi\/fi\/minusta\/","url":"https:\/\/trailfun.fi\/fi\/minusta\/","name":"Minun ideani - TrailFun","isPartOf":{"@id":"https:\/\/trailfun.fi\/fi\/#website"},"primaryImageOfPage":{"@id":"https:\/\/trailfun.fi\/fi\/minusta\/#primaryimage"},"image":{"@id":"https:\/\/trailfun.fi\/fi\/minusta\/#primaryimage"},"thumbnailUrl":"https:\/\/trailfun.fi\/wp-content\/uploads\/2024\/01\/den-684x1024.jpg","datePublished":"2023-11-08T04:49:20+00:00","dateModified":"2025-03-14T17:48:26+00:00","description":"Tutustu minuun pintaa syvemm\u00e4lt\u00e4. Tutustu intohimoihini ja kiinnostuksen kohteisiini 'Tietoja minusta' -osiossa. Tervetuloa syvemp\u00e4\u00e4n ymm\u00e4rrykseen siit\u00e4, kuka min\u00e4 olen.","breadcrumb":{"@id":"https:\/\/trailfun.fi\/fi\/minusta\/#breadcrumb"},"inLanguage":"fi","potentialAction":[{"@type":"ReadAction","target":["https:\/\/trailfun.fi\/fi\/minusta\/"]}]},{"@type":"ImageObject","inLanguage":"fi","@id":"https:\/\/trailfun.fi\/fi\/minusta\/#primaryimage","url":"https:\/\/trailfun.fi\/wp-content\/uploads\/2024\/01\/den-684x1024.jpg","contentUrl":"https:\/\/trailfun.fi\/wp-content\/uploads\/2024\/01\/den-684x1024.jpg"},{"@type":"BreadcrumbList","@id":"https:\/\/trailfun.fi\/fi\/minusta\/#breadcrumb","itemListElement":[{"@type":"ListItem","position":1,"name":"Home","item":"https:\/\/trailfun.fi\/fi\/"},{"@type":"ListItem","position":2,"name":"Minun ideani"}]},{"@type":"WebSite","@id":"https:\/\/trailfun.fi\/fi\/#website","url":"https:\/\/trailfun.fi\/fi\/","name":"TRAILFUN","description":"","potentialAction":[{"@type":"SearchAction","target":{"@type":"EntryPoint","urlTemplate":"https:\/\/trailfun.fi\/fi\/?s={search_term_string}"},"query-input":{"@type":"PropertyValueSpecification","valueRequired":true,"valueName":"search_term_string"}}],"inLanguage":"fi"}]}},"spectra_custom_meta":{"adv-header-id-meta":[""],"stick-header-meta":[""],"site-post-title":["disabled"],"theme-transparent-header-meta":[""],"_top_nav_excluded":[""],"_cms_nav_minihome":[""],"_last_translation_edit_mode":["translation-editor"],"_wp_page_template":[""],"_wpml_word_count":["{\"total\":87,\"to_translate\":{\"sv\":87}}"],"_edit_lock":["1704444175:6"],"_edit_last":["6"],"_wpml_media_duplicate":["1"],"_wpml_media_featured":["1"],"_yoast_wpseo_content_score":["90"],"_yoast_wpseo_estimated-reading-time-minutes":["1"],"_yoast_wpseo_wordproof_timestamp":[""],"cmplz_hide_cookiebanner":[""],"_cmplz_scanned_post":["1"],"_yoast_wpseo_metadesc":["Tutustu minuun pintaa syvemm\u00e4lt\u00e4. Tutustu intohimoihini ja kiinnostuksen kohteisiini 'Tietoja minusta' -osiossa. Tervetuloa syvemp\u00e4\u00e4n ymm\u00e4rrykseen siit\u00e4, kuka min\u00e4 olen."],"_uag_page_assets":["a:9:{s:3:\"css\";s:7856:\".wp-block-uagb-container{display:flex;position:relative;box-sizing:border-box;transition-property:box-shadow;transition-duration:0.2s;transition-timing-function:ease}.wp-block-uagb-container .spectra-container-link-overlay{bottom:0;left:0;position:absolute;right:0;top:0;z-index:10}.wp-block-uagb-container.uagb-is-root-container{margin-left:auto;margin-right:auto}.wp-block-uagb-container.alignfull.uagb-is-root-container .uagb-container-inner-blocks-wrap{display:flex;position:relative;box-sizing:border-box;margin-left:auto !important;margin-right:auto !important}.wp-block-uagb-container .wp-block-uagb-blockquote,.wp-block-uagb-container .wp-block-spectra-pro-login,.wp-block-uagb-container .wp-block-spectra-pro-register{margin:unset}.wp-block-uagb-container .uagb-container__video-wrap{height:100%;width:100%;top:0;left:0;position:absolute;overflow:hidden;-webkit-transition:opacity 1s;-o-transition:opacity 1s;transition:opacity 1s}.wp-block-uagb-container .uagb-container__video-wrap video{max-width:100%;width:100%;height:100%;margin:0;line-height:1;border:none;display:inline-block;vertical-align:baseline;-o-object-fit:cover;object-fit:cover;background-size:cover}.wp-block-uagb-container.uagb-layout-grid{display:grid;width:100%}.wp-block-uagb-container.uagb-layout-grid>.uagb-container-inner-blocks-wrap{display:inherit;width:inherit}.wp-block-uagb-container.uagb-layout-grid>.uagb-container-inner-blocks-wrap>.wp-block-uagb-container{max-width:unset !important;width:unset !important}.wp-block-uagb-container.uagb-layout-grid>.wp-block-uagb-container{max-width:unset !important;width:unset !important}.wp-block-uagb-container.uagb-layout-grid.uagb-is-root-container{margin-left:auto;margin-right:auto}.wp-block-uagb-container.uagb-layout-grid.uagb-is-root-container>.wp-block-uagb-container{max-width:unset !important;width:unset !important}.wp-block-uagb-container.uagb-layout-grid.alignwide.uagb-is-root-container{margin-left:auto;margin-right:auto}.wp-block-uagb-container.uagb-layout-grid.alignfull.uagb-is-root-container .uagb-container-inner-blocks-wrap{display:inherit;position:relative;box-sizing:border-box;margin-left:auto !important;margin-right:auto !important}body .wp-block-uagb-container>.uagb-container-inner-blocks-wrap>*:not(.wp-block-uagb-container):not(.wp-block-uagb-column):not(.wp-block-uagb-container):not(.wp-block-uagb-section):not(.uagb-container__shape):not(.uagb-container__video-wrap):not(.wp-block-spectra-pro-register):not(.wp-block-spectra-pro-login):not(.uagb-slider-container):not(.spectra-image-gallery__control-lightbox):not(.wp-block-uagb-info-box),body .wp-block-uagb-container>.uagb-container-inner-blocks-wrap,body .wp-block-uagb-container>*:not(.wp-block-uagb-container):not(.wp-block-uagb-column):not(.wp-block-uagb-container):not(.wp-block-uagb-section):not(.uagb-container__shape):not(.uagb-container__video-wrap):not(.wp-block-spectra-pro-register):not(.wp-block-spectra-pro-login):not(.uagb-slider-container):not(.spectra-container-link-overlay):not(.spectra-image-gallery__control-lightbox):not(.wp-block-uagb-lottie):not(.uagb-faq__outer-wrap){min-width:unset !important;width:100%;position:relative}body .ast-container .wp-block-uagb-container>.uagb-container-inner-blocks-wrap>.wp-block-uagb-container>ul,body .ast-container .wp-block-uagb-container>.uagb-container-inner-blocks-wrap>.wp-block-uagb-container ol,body .ast-container .wp-block-uagb-container>.uagb-container-inner-blocks-wrap>ul,body .ast-container .wp-block-uagb-container>.uagb-container-inner-blocks-wrap ol{max-width:-webkit-fill-available;margin-block-start:0;margin-block-end:0;margin-left:20px}.ast-plain-container .editor-styles-wrapper .block-editor-block-list__layout.is-root-container .uagb-is-root-container.wp-block-uagb-container.alignwide{margin-left:auto;margin-right:auto}.uagb-container__shape{overflow:hidden;position:absolute;left:0;width:100%;line-height:0;direction:ltr}.uagb-container__shape-top{top:-3px}.uagb-container__shape-bottom{bottom:-3px}.uagb-container__shape.uagb-container__invert.uagb-container__shape-bottom,.uagb-container__shape.uagb-container__invert.uagb-container__shape-top{-webkit-transform:rotate(180deg);-ms-transform:rotate(180deg);transform:rotate(180deg)}.uagb-container__shape.uagb-container__shape-flip svg{transform:translateX(-50%) rotateY(180deg)}.uagb-container__shape svg{display:block;width:-webkit-calc(100% + 1.3px);width:calc(100% + 1.3px);position:relative;left:50%;-webkit-transform:translateX(-50%);-ms-transform:translateX(-50%);transform:translateX(-50%)}.uagb-container__shape .uagb-container__shape-fill{-webkit-transform-origin:center;-ms-transform-origin:center;transform-origin:center;-webkit-transform:rotateY(0deg);transform:rotateY(0deg)}.uagb-container__shape.uagb-container__shape-above-content{z-index:9;pointer-events:none}.nv-single-page-wrap .nv-content-wrap.entry-content .wp-block-uagb-container.alignfull{margin-left:calc(50% - 50vw);margin-right:calc(50% - 50vw)}@media only screen and (max-width: 767px){.wp-block-uagb-container .wp-block-uagb-advanced-heading{width:-webkit-fill-available}}.wp-block-uagb-image--align-none{justify-content:center}\n.wp-block-uagb-container.uagb-block-3c7b9e07 .uagb-container__shape-top svg{width: calc( 100% + 1.3px );}.wp-block-uagb-container.uagb-block-3c7b9e07 .uagb-container__shape.uagb-container__shape-top .uagb-container__shape-fill{fill: rgba(51,51,51,1);}.wp-block-uagb-container.uagb-block-3c7b9e07 .uagb-container__shape-bottom svg{width: calc( 100% + 1.3px );}.wp-block-uagb-container.uagb-block-3c7b9e07 .uagb-container__shape.uagb-container__shape-bottom .uagb-container__shape-fill{fill: rgba(51,51,51,1);}.wp-block-uagb-container.uagb-block-3c7b9e07 .uagb-container__video-wrap video{opacity: 1;}.wp-block-uagb-container.uagb-is-root-container .uagb-block-3c7b9e07{max-width: 100%;width: 100%;}.wp-block-uagb-container.uagb-is-root-container.alignfull.uagb-block-3c7b9e07 > .uagb-container-inner-blocks-wrap{--inner-content-custom-width: min( 100%, 1200px);max-width: var(--inner-content-custom-width);width: 100%;flex-direction: column;align-items: center;justify-content: center;flex-wrap: nowrap;row-gap: 20px;column-gap: 20px;}.wp-block-uagb-container.uagb-block-3c7b9e07{box-shadow: 0px 0px   #00000070 ;padding-top: 0px;padding-bottom: 40px;padding-left: 10px;padding-right: 10px;margin-top:  !important;margin-bottom:  !important;overflow: visible;order: initial;border-color: inherit;row-gap: 20px;column-gap: 20px;}@media only screen and (max-width: 976px) {.wp-block-uagb-container.uagb-is-root-container .uagb-block-3c7b9e07{width: 100%;}.wp-block-uagb-container.uagb-is-root-container.alignfull.uagb-block-3c7b9e07 > .uagb-container-inner-blocks-wrap{--inner-content-custom-width: min( 100%, 1024px);max-width: var(--inner-content-custom-width);width: 100%;}.wp-block-uagb-container.uagb-block-3c7b9e07{padding-top: 0px;padding-bottom: 40px;padding-left: 20px;padding-right: 20px;margin-top:  !important;margin-bottom:  !important;order: initial;}}@media only screen and (max-width: 767px) {.wp-block-uagb-container.uagb-is-root-container .uagb-block-3c7b9e07{max-width: 100%;width: 100%;}.wp-block-uagb-container.uagb-is-root-container.alignfull.uagb-block-3c7b9e07 > .uagb-container-inner-blocks-wrap{--inner-content-custom-width: min( 100%, 767px);max-width: var(--inner-content-custom-width);width: 100%;flex-wrap: wrap;}.wp-block-uagb-container.uagb-block-3c7b9e07{padding-top: 0px;padding-bottom: 40px;padding-left: 20px;padding-right: 20px;margin-top:  !important;margin-bottom:  !important;order: initial;}}.uag-blocks-common-selector{z-index:var(--z-index-desktop) !important}@media (max-width: 976px){.uag-blocks-common-selector{z-index:var(--z-index-tablet) !important}}@media (max-width: 767px){.uag-blocks-common-selector{z-index:var(--z-index-mobile) !important}}\n\";s:2:\"js\";s:0:\"\";s:18:\"current_block_list\";a:10:{i:0;s:12:\"core\/heading\";i:1;s:14:\"uagb\/container\";i:2;s:15:\"core\/media-text\";i:3;s:14:\"core\/paragraph\";i:4;s:11:\"core\/search\";i:5;s:10:\"core\/group\";i:6;s:17:\"core\/latest-posts\";i:7;s:20:\"core\/latest-comments\";i:8;s:13:\"core\/archives\";i:9;s:15:\"core\/categories\";}s:8:\"uag_flag\";b:1;s:11:\"uag_version\";s:10:\"1776788885\";s:6:\"gfonts\";a:0:{}s:10:\"gfonts_url\";s:0:\"\";s:12:\"gfonts_files\";a:0:{}s:14:\"uag_faq_layout\";b:0;}"],"_uag_css_file_name":["uag-css-610.css"]},"uagb_featured_image_src":{"full":false,"thumbnail":false,"medium":false,"medium_large":false,"large":false,"1536x1536":false,"2048x2048":false},"uagb_author_info":{"display_name":"trailfun-admin","author_link":"https:\/\/trailfun.fi\/fi\/author\/trailfun-admin\/"},"uagb_comment_info":0,"uagb_excerpt":"Minun ideani Moi! Nimeni on Regina ja olen vastavalmistunut er\u00e4opas. Vaikka titteli on uusi, olen aina ollut tekemisiss\u00e4 luonnon kanssa ja viett\u00e4nyt siell\u00e4 aikaa siit\u00e4 l\u00e4htien, kun liityin partioon lapsena. [&hellip;]","_links":{"self":[{"href":"https:\/\/trailfun.fi\/fi\/wp-json\/wp\/v2\/pages\/610","targetHints":{"allow":["GET"]}}],"collection":[{"href":"https:\/\/trailfun.fi\/fi\/wp-json\/wp\/v2\/pages"}],"about":[{"href":"https:\/\/trailfun.fi\/fi\/wp-json\/wp\/v2\/types\/page"}],"author":[{"embeddable":true,"href":"https:\/\/trailfun.fi\/fi\/wp-json\/wp\/v2\/users\/7"}],"replies":[{"embeddable":true,"href":"https:\/\/trailfun.fi\/fi\/wp-json\/wp\/v2\/comments?post=610"}],"version-history":[{"count":15,"href":"https:\/\/trailfun.fi\/fi\/wp-json\/wp\/v2\/pages\/610\/revisions"}],"predecessor-version":[{"id":7488,"href":"https:\/\/trailfun.fi\/fi\/wp-json\/wp\/v2\/pages\/610\/revisions\/7488"}],"wp:attachment":[{"href":"https:\/\/trailfun.fi\/fi\/wp-json\/wp\/v2\/media?parent=610"}],"curies":[{"name":"wp","href":"https:\/\/api.w.org\/{rel}","templated":true}]}}